{"id":1357,"date":"2024-06-26T19:04:58","date_gmt":"2024-06-26T19:04:58","guid":{"rendered":"https:\/\/pari9ja.com\/paripesa\/"},"modified":"2025-05-27T11:52:14","modified_gmt":"2025-05-27T11:52:14","slug":"paripesa","status":"publish","type":"page","link":"https:\/\/pari9ja.com\/fr\/","title":{"rendered":"Paripesa"},"content":{"rendered":"\n<div id=\"ez-toc-container\" class=\"ez-toc-v2_0_82_2 counter-hierarchy ez-toc-counter ez-toc-black ez-toc-container-direction\">\n<div class=\"ez-toc-title-container\">\n<p class=\"ez-toc-title\" style=\"cursor:inherit\">Table des mati\u00e8res<\/p>\n<span class=\"ez-toc-title-toggle\"><a href=\"#\" class=\"ez-toc-pull-right ez-toc-btn ez-toc-btn-xs ez-toc-btn-default ez-toc-toggle\" aria-label=\"Toggle Table of Content\"><span class=\"ez-toc-js-icon-con\"><span class=\"\"><span class=\"eztoc-hide\" style=\"display:none;\">Toggle<\/span><span class=\"ez-toc-icon-toggle-span\"><svg style=\"fill: #000000;color:#000000\" xmlns=\"http:\/\/www.w3.org\/2000\/svg\" class=\"list-377408\" width=\"20px\" height=\"20px\" viewBox=\"0 0 24 24\" fill=\"none\"><path d=\"M6 6H4v2h2V6zm14 0H8v2h12V6zM4 11h2v2H4v-2zm16 0H8v2h12v-2zM4 16h2v2H4v-2zm16 0H8v2h12v-2z\" fill=\"currentColor\"><\/path><\/svg><svg style=\"fill: #000000;color:#000000\" class=\"arrow-unsorted-368013\" xmlns=\"http:\/\/www.w3.org\/2000\/svg\" width=\"10px\" height=\"10px\" viewBox=\"0 0 24 24\" version=\"1.2\" baseProfile=\"tiny\"><path d=\"M18.2 9.3l-6.2-6.3-6.2 6.3c-.2.2-.3.4-.3.7s.1.5.3.7c.2.2.4.3.7.3h11c.3 0 .5-.1.7-.3.2-.2.3-.5.3-.7s-.1-.5-.3-.7zM5.8 14.7l6.2 6.3 6.2-6.3c.2-.2.3-.5.3-.7s-.1-.5-.3-.7c-.2-.2-.4-.3-.7-.3h-11c-.3 0-.5.1-.7.3-.2.2-.3.5-.3.7s.1.5.3.7z\"\/><\/svg><\/span><\/span><\/span><\/a><\/span><\/div>\n<nav><ul class='ez-toc-list ez-toc-list-level-1 ' ><li class='ez-toc-page-1 ez-toc-heading-level-1'><a class=\"ez-toc-link ez-toc-heading-1\" href=\"https:\/\/pari9ja.com\/fr\/#Paripesa_Site_officiel_de_paris_et_casino_en_ligne_au_Senegal_en_Cote_dIvoire_et_en_RDC\" >Paripesa : Site officiel de paris et casino en ligne au S\u00e9n\u00e9gal, en C\u00f4te d&rsquo;Ivoire et en RDC<\/a><ul class='ez-toc-list-level-2' ><li class='ez-toc-heading-level-2'><a class=\"ez-toc-link ez-toc-heading-2\" href=\"https:\/\/pari9ja.com\/fr\/#Promotions_et_bonus_disponibles\" >Promotions et bonus disponibles<\/a><\/li><li class='ez-toc-page-1 ez-toc-heading-level-2'><a class=\"ez-toc-link ez-toc-heading-3\" href=\"https:\/\/pari9ja.com\/fr\/#Offre_de_paris_sportifs_offerte\" >Offre de paris sportifs offerte<\/a><\/li><li class='ez-toc-page-1 ez-toc-heading-level-2'><a class=\"ez-toc-link ez-toc-heading-4\" href=\"https:\/\/pari9ja.com\/fr\/#Offre_de_jeux_de_casino\" >Offre de jeux de casino<\/a><\/li><li class='ez-toc-page-1 ez-toc-heading-level-2'><a class=\"ez-toc-link ez-toc-heading-5\" href=\"https:\/\/pari9ja.com\/fr\/#Application_mobile_Paripesa\" >Application mobile Paripesa<\/a><\/li><li class='ez-toc-page-1 ez-toc-heading-level-2'><a class=\"ez-toc-link ez-toc-heading-6\" href=\"https:\/\/pari9ja.com\/fr\/#Solutions_de_paiement\" >Solutions de paiement<\/a><\/li><li class='ez-toc-page-1 ez-toc-heading-level-2'><a class=\"ez-toc-link ez-toc-heading-7\" href=\"https:\/\/pari9ja.com\/fr\/#Support_client_et_mesures_de_securite\" >Support client et mesures de s\u00e9curit\u00e9<\/a><\/li><li class='ez-toc-page-1 ez-toc-heading-level-2'><a class=\"ez-toc-link ez-toc-heading-8\" href=\"https:\/\/pari9ja.com\/fr\/#Guide_etape_par_etape_pour_commencer_a_jouer_sur_Paripesa\" >Guide, \u00e9tape par \u00e9tape, pour commencer \u00e0 jouer sur Paripesa<\/a><\/li><li class='ez-toc-page-1 ez-toc-heading-level-2'><a class=\"ez-toc-link ez-toc-heading-9\" href=\"https:\/\/pari9ja.com\/fr\/#Informations_sur_la_disponibilite_des_Paripes_dans_les_pays_africains\" >Informations sur la disponibilit\u00e9 des Paripes dans les pays africains<\/a><\/li><\/ul><\/li><\/ul><\/nav><\/div>\n\n\n\n\n<h1 class=\"wp-block-heading\"><span class=\"ez-toc-section\" id=\"Paripesa_Site_officiel_de_paris_et_casino_en_ligne_au_Senegal_en_Cote_dIvoire_et_en_RDC\"><\/span>Paripesa : Site officiel de paris et casino en ligne au S\u00e9n\u00e9gal, en C\u00f4te d&rsquo;Ivoire et en RDC<span class=\"ez-toc-section-end\"><\/span><\/h1>\n\n\n\n<p>Paripesa Africa est le site de jeux en ligne adapt\u00e9 aux joueurs africains. Nous nous glissons dans la peau des joueurs pour proposer \u00e0 nos utilisateurs des paris sportifs et les jeux de casino qu\u2019ils aiment. Nous offrons \u00e0 nos joueurs de C\u00f4te d\u2019Ivoire ou du S\u00e9n\u00e9gal des services sur mesure. C\u2019est ainsi qu\u2019ils peuvent d\u00e9poser des fonds dans leurs devises ou utiliser les m\u00e9thodes de paiement populaires dans leurs r\u00e9gions.<\/p>\n\n\n\n<p>Paripesa poss\u00e8de une licence du Cura\u00e7ao. Ce qui confirme notre l\u00e9galit\u00e9 et notre respect de la r\u00e9glementation des activit\u00e9s du casino. Nous mettons \u00e0 la disposition de nos joueurs un environnement de jeu s\u00fbr gr\u00e2ce \u00e0 l\u2019utilisation de mesures de s\u00e9curit\u00e9 telles que le cryptage des donn\u00e9es.<\/p>\n\n\n\n<h2 class=\"wp-block-heading\"><span class=\"ez-toc-section\" id=\"Promotions_et_bonus_disponibles\"><\/span>Promotions et bonus disponibles<span class=\"ez-toc-section-end\"><\/span><\/h2>\n\n\n\n<p>Les nouveaux joueurs sur Paripesa re\u00e7oivent un bonus de bienvenue, au choix :<\/p>\n\n\n\n<ul class=\"wp-block-list\">\n<li>un bonus sport de 50 % jusqu\u2019\u00e0 32 796.62 XOF sur le deuxi\u00e8me d\u00e9p\u00f4t ;<\/li>\n\n\n\n<li>un bonus de casino de 200 % jusqu\u2019\u00e0 975 000 XOF, plus 150 tours gratuits sur les quatre premiers d\u00e9p\u00f4ts.<\/li>\n<\/ul>\n\n\n\n<p>Pour maintenir l\u2019excitation \u00e0 son paroxysme, nous offrons par la suite plusieurs bonus Paripesa, que ce soit pour jouer au casino ou pour parier sur les sports.<\/p>\n\n\n\n<ul class=\"wp-block-list\">\n<li>Bonus hebdomadaires pour les paris (le cashback du mardi et le bonus combin\u00e9)<\/li>\n\n\n\n<li>Bonus du vendredi<\/li>\n\n\n\n<li>Cashback<\/li>\n\n\n\n<li>Bonus hebdomadaires pour le casino (les bonus du jeudi et du dimanche)<\/li>\n\n\n\n<li>Bonus sp\u00e9cial (bonus sans d\u00e9p\u00f4t)<\/li>\n\n\n\n<li>Bonus d\u2019anniversaire.<\/li>\n<\/ul>\n\n\n\n<p>L&rsquo;inscription est obligatoire pour recevoir et utiliser les bonus. En outre, nous disposons d\u2019un magasin de codes promo Paripesa sur lequel vous pouvez \u00e9changer vos points bonus.<\/p>\n\n\n\n<h2 class=\"wp-block-heading\"><span class=\"ez-toc-section\" id=\"Offre_de_paris_sportifs_offerte\"><\/span>Offre de paris sportifs offerte<span class=\"ez-toc-section-end\"><\/span><\/h2>\n\n\n\n<p>Sur notre plateforme Paripesa, les joueurs ont le choix entre une trentaine de sports. Nous proposons \u00e9galement des courses hippiques et des sports virtuels. En jouant sur Paripesa SN, vous profitez des privil\u00e8ges suivants :<\/p>\n\n\n\n<ul class=\"wp-block-list\">\n<li>Paris d&rsquo;avant-match et en direct : avec plusieurs milliers d\u2019\u00e9v\u00e9nements au quotidien, vous avez \u00e0 tout moment la possibilit\u00e9 de parier, que ce soit avant le coup d\u2019envoi ou pendant le d\u00e9roulement du match.<\/li>\n\n\n\n<li>Sports populaires : nous offrons \u00e0 nos utilisateurs la possibilit\u00e9 de parier sur leurs sports favoris tels que le football, le tennis, le basket-ball, la boxe, le handball, le cricket et bien d\u2019autres.<\/li>\n\n\n\n<li>Cotes et vari\u00e9t\u00e9 du march\u00e9 : nos joueurs b\u00e9n\u00e9ficient des meilleures cotes et des paris sportifs astuces pour maximiser leur chance de gagner. Ils ont aussi le choix entre divers march\u00e9s de paris sportifs comme les paris combin\u00e9s, les paris 1\u00d72, les paris double chance, l\u2019\u00e9quipe qui va se qualifier et plus encore.<\/li>\n<\/ul>\n\n\n\n<p><strong><em>Inscrivez-vous maintenant pour d\u00e9couvrir les paris sportifs.<\/em><\/strong><\/p>\n\n\n\n<h2 class=\"wp-block-heading\"><span class=\"ez-toc-section\" id=\"Offre_de_jeux_de_casino\"><\/span>Offre de jeux de casino<span class=\"ez-toc-section-end\"><\/span><\/h2>\n\n\n\n<p>Notre online casino contient plusieurs types de jeux :<\/p>\n\n\n\n<ul class=\"wp-block-list\">\n<li>\ud83c\udfb0 \u00ab Jouez aux machines \u00e0 sous populaires \u00bb : notre collection comprend les machines \u00e0 sous classiques et traditionnelles, les machines avec jackpot et avec achat de bonus.<\/li>\n\n\n\n<li>les jeux de table : blackjack, poker, baccarat, sur Paripesa CI, nous proposons une grande vari\u00e9t\u00e9 de jeux de table en ligne. \ud83c\udfb2 \u00ab Jouer au Teen Patti \u00bb.<\/li>\n\n\n\n<li>\u2660\ufe0f \u00ab Essayer le Blackjack en direct \u00bb : nous vous offrons l\u2019opportunit\u00e9 d\u2019affronter de vrais croupiers professionnels aux jeux de table avec croupiers en direct.<\/li>\n\n\n\n<li>Aviator : d\u00e9couvrez le jeu de crash le plus populaire en Afrique sur Paripesa et utilisez nos bonus disponibles pour tenter de d\u00e9crocher le jackpot.<\/li>\n<\/ul>\n\n\n\n<p>Nous faisons appel aux fournisseurs les mieux not\u00e9s du march\u00e9 tels que Pragmatic, Evolution, Spribe ou encore Ezugi pour proposer des jeux \u00e9quitables et innovants.<br>\u00ab Visiter le lobby du casino \u00bb Paripesa SN aujourd\u2019hui pour trouver votre jeu de casino favori.<\/p>\n\n\n\n<h2 class=\"wp-block-heading\"><span class=\"ez-toc-section\" id=\"Application_mobile_Paripesa\"><\/span>Application mobile Paripesa<span class=\"ez-toc-section-end\"><\/span><\/h2>\n\n\n\n<p>Pour s\u2019adapter aux m\u0153urs et aux habitudes de jeu de nos utilisateurs, nous avons d\u00e9velopp\u00e9 une application mobile Paripesa compatible avec les syst\u00e8mes Android et iOS. Paripesa application permet de profiter des fonctionnalit\u00e9s telles que :<\/p>\n\n\n\n<ul class=\"wp-block-list\">\n<li>l\u2019inscription ;<\/li>\n\n\n\n<li>les paris en temps r\u00e9el ;<\/li>\n\n\n\n<li>les retraits rapides ;<\/li>\n\n\n\n<li>les notifications, et bien plus encore.<\/li>\n<\/ul>\n\n\n\n<p>\u00ab T\u00e9l\u00e9charger l&rsquo;application \u00bb Paripesa mobile maintenant pour ne rien manquer des offres en cours.<\/p>\n\n\n\n<h2 class=\"wp-block-heading\"><span class=\"ez-toc-section\" id=\"Solutions_de_paiement\"><\/span>Solutions de paiement<span class=\"ez-toc-section-end\"><\/span><\/h2>\n\n\n\n<p>Sur Paripesa CI, les joueurs profitent des solutions de paiement localis\u00e9es, telles que :<\/p>\n\n\n\n<ul class=\"wp-block-list\">\n<li>Perfect Money ;<\/li>\n\n\n\n<li>Kuchinga ;<\/li>\n\n\n\n<li>Orange Money ;<\/li>\n\n\n\n<li>Wafe ;<\/li>\n\n\n\n<li>Free Money.<\/li>\n<\/ul>\n\n\n\n<p>Nous offrons \u00e9galement la possibilit\u00e9 d\u2019effectuer des transactions en utilisant :<\/p>\n\n\n\n<ul class=\"wp-block-list\">\n<li>les cartes bancaires (Visa, Mastercard) ;<\/li>\n\n\n\n<li>les portefeuilles \u00e9lectroniques (Skrill, Neteller) ;<\/li>\n\n\n\n<li>les virements bancaires ;<\/li>\n\n\n\n<li>les cryptomonnaies (Bitcoin, Litecoin, Ethereum, Dogecoin et autres).<\/li>\n<\/ul>\n\n\n\n<p>Le d\u00e9lai de retrait rapide est de 15 minutes. Toutefois, ce d\u00e9lai peut varier en fonction de la m\u00e9thode de retrait choisie. Avec Paripesa, le montant de d\u00e9p\u00f4t minimum autoris\u00e9 est de 100 XOF. Ce montant varie \u00e9galement en fonction de l\u2019option de paiement choisie. Les d\u00e9p\u00f4ts sont instantan\u00e9s et sans aucun frais.<\/p>\n\n\n\n<h2 class=\"wp-block-heading\"><span class=\"ez-toc-section\" id=\"Support_client_et_mesures_de_securite\"><\/span>Support client et mesures de s\u00e9curit\u00e9<span class=\"ez-toc-section-end\"><\/span><\/h2>\n\n\n\n<p>Le service d\u2019assistance Paripesa Africa est disponible 24h\/24 et 7j\/7. Vous pouvez nous joindre par chat en direct depuis la fen\u00eatre de chat sur n\u2019importe quelle page du site ou par mail. Gr\u00e2ce au protocole SSL, notre plateforme Paripesa vous permet de faire des transactions s\u00e9curis\u00e9es et crypte vos donn\u00e9es utilisateurs partag\u00e9es. Les outils de jeu responsable mis en place affirment notre engagement \u00e0 promouvoir une politique de jeu responsable. Nous poss\u00e9dons, en outre, une licence du Cura\u00e7ao.<\/p>\n\n\n\n<h2 class=\"wp-block-heading\"><span class=\"ez-toc-section\" id=\"Guide_etape_par_etape_pour_commencer_a_jouer_sur_Paripesa\"><\/span>Guide, \u00e9tape par \u00e9tape, pour commencer \u00e0 jouer sur Paripesa<span class=\"ez-toc-section-end\"><\/span><\/h2>\n\n\n\n<p>Pour d\u00e9buter votre aventure sur Paripesa, vous devez avant tout cr\u00e9er votre compte. Suivez notre guide d\u00e9taill\u00e9 pour savoir comment proc\u00e9der.<\/p>\n\n\n\n<ol class=\"wp-block-list\">\n<li>Acc\u00e9dez au site officiel ;<\/li>\n\n\n\n<li>Cliquez sur inscription ;<\/li>\n\n\n\n<li>S\u00e9lectionnez votre mode Paripesa inscription ;<\/li>\n\n\n\n<li>Remplissez le formulaire avec vos identifiants Paripesa login (num\u00e9ro de t\u00e9l\u00e9phone ou adresse mail et mot de passe) ;<\/li>\n\n\n\n<li>Cliquez sur s\u2019inscrire ;<\/li>\n\n\n\n<li>R\u00e9clamez votre bonus ;<\/li>\n\n\n\n<li>D\u00e9posez des fonds ;<\/li>\n\n\n\n<li>Commencez \u00e0 parier ou \u00e0 jouer aux jeux de casino.<\/li>\n<\/ol>\n\n\n\n<p>\u00ab Inscrivez-vous en 1 minute \u00bb pour commencer \u00e0 profiter de nos g\u00e9n\u00e9reuses promotions.<\/p>\n\n\n\n<h2 class=\"wp-block-heading\"><span class=\"ez-toc-section\" id=\"Informations_sur_la_disponibilite_des_Paripes_dans_les_pays_africains\"><\/span>Informations sur la disponibilit\u00e9 des Paripes dans les pays africains<span class=\"ez-toc-section-end\"><\/span><\/h2>\n\n\n\n<figure class=\"wp-block-table\"><table><thead><tr><th><strong>Pays<\/strong><\/th><th><strong>Disponibilit\u00e9<\/strong><\/th><th><strong>D\u00e9p\u00f4t minimum (monnaie locale)<\/strong><\/th><th><strong>Utilisateurs inscrits (\u2248)<\/strong><\/th><\/tr><\/thead><tbody><tr><td>Paripesa Alg\u00e9rie<\/td><td>Limit\u00e9\u2020<\/td><td>1 000 DZD<\/td><td>~12 000<\/td><\/tr><tr><td>Paripesa Angola<\/td><td>Oui<\/td><td>1 000 AOA<\/td><td>~18 000<\/td><\/tr><tr><td>Paripesa B\u00e9nin<\/td><td>Oui<\/td><td>5 000 XOF<\/td><td>~7 000<\/td><\/tr><tr><td>Paripesa Botswana<\/td><td>Oui<\/td><td>20 BWP<\/td><td>~5 000<\/td><\/tr><tr><td>Paripesa Burkina Faso<\/td><td>Oui<\/td><td>5 000 XOF<\/td><td>~6 000<\/td><\/tr><tr><td>Paripesa Burundi<\/td><td>Oui<\/td><td>5 000 BIF<\/td><td>~3 000<\/td><\/tr><tr><td>Paripesa Cap-Vert<\/td><td>Oui<\/td><td>100 CVE<\/td><td>~1 500<\/td><\/tr><tr><td>Paripesa Cameroun<\/td><td>Oui<\/td><td>2 000 XAF<\/td><td>~22 000<\/td><\/tr><tr><td>Paripesa R\u00e9publique centrafricaine<\/td><td>Oui<\/td><td>2 000 XAF<\/td><td>~1 200<\/td><\/tr><tr><td>Paripesa Tchad<\/td><td>Oui<\/td><td>2 000 XAF<\/td><td>~2 500<\/td><\/tr><tr><td>Paripesa Comores<\/td><td>Oui<\/td><td>2 000 KMF<\/td><td>~900<\/td><\/tr><tr><td>Paripesa Congo (Brazzaville)<\/td><td>Oui<\/td><td>2 000 XAF<\/td><td>~4 000<\/td><\/tr><tr><td>Paripesa RDC (Congo-Kinshasa)<\/td><td>Oui<\/td><td>3 000 CDF<\/td><td>~28 000<\/td><\/tr><tr><td>Paripesa Djibouti<\/td><td>Oui<\/td><td>1 000 DJF<\/td><td>~800<\/td><\/tr><tr><td>Paripesa \u00c9gypte<\/td><td>Oui<\/td><td>20 EGP<\/td><td>~60 000<\/td><\/tr><tr><td>Paripesa Guin\u00e9e \u00e9quatoriale<\/td><td>Oui<\/td><td>2 000 XAF<\/td><td>~1 000<\/td><\/tr><tr><td>Paripesa \u00c9rythr\u00e9e<\/td><td>Non<\/td><td>\u2014<\/td><td>\u2014<\/td><\/tr><tr><td>Paripesa Eswatini<\/td><td>Oui<\/td><td>20 SZL<\/td><td>~2 000<\/td><\/tr><tr><td>Paripesa \u00c9thiopie<\/td><td>Limit\u00e9\u2020<\/td><td>50 ETB<\/td><td>~9 000<\/td><\/tr><tr><td>Paripesa Gabon<\/td><td>Oui<\/td><td>2 000 XAF<\/td><td>~3 500<\/td><\/tr><tr><td>Paripesa Gambie<\/td><td>Oui<\/td><td>100 GMD<\/td><td>~4 000<\/td><\/tr><tr><td>Paripesa Ghana<\/td><td>Oui<\/td><td>5 GHS<\/td><td>~45 000<\/td><\/tr><tr><td>Paripesa Guin\u00e9e<\/td><td>Oui<\/td><td>50 000 GNF<\/td><td>~6 000<\/td><\/tr><tr><td>Paripesa Guin\u00e9e-Bissau<\/td><td>Oui<\/td><td>5 000 XOF<\/td><td>~1 000<\/td><\/tr><tr><td>Paripesa Kenya<\/td><td>Oui<\/td><td>100 KES<\/td><td>~120 000<\/td><\/tr><tr><td>Paripesa Lesotho<\/td><td>Oui<\/td><td>20 LSL<\/td><td>~1 500<\/td><\/tr><tr><td>Paripesa Lib\u00e9ria<\/td><td>Oui<\/td><td>400 LRD<\/td><td>~3 000<\/td><\/tr><tr><td>Paripesa Libye<\/td><td>Limit\u00e9\u2020<\/td><td>10 LYD<\/td><td>~5 000<\/td><\/tr><tr><td>Paripesa Madagascar<\/td><td>Oui<\/td><td>10 000 MGA<\/td><td>~7 000<\/td><\/tr><tr><td>Paripesa Malawi<\/td><td>Oui<\/td><td>2 000 MWK<\/td><td>~6 500<\/td><\/tr><tr><td>Paripesa Mali<\/td><td>Oui<\/td><td>5 000 XOF<\/td><td>~4 500<\/td><\/tr><tr><td>Paripesa Mauritanie<\/td><td>Oui<\/td><td>400 MRU<\/td><td>~1 200<\/td><\/tr><tr><td>Paripesa Maurice<\/td><td>Oui<\/td><td>50 MUR<\/td><td>~8 000<\/td><\/tr><tr><td>Paripesa Maroc<\/td><td>Oui<\/td><td>10 MAD<\/td><td>~55 000<\/td><\/tr><tr><td>Paripesa Mozambique<\/td><td>Oui<\/td><td>100 MZN<\/td><td>~15 000<\/td><\/tr><tr><td>Paripesa Namibie<\/td><td>Oui<\/td><td>20 NAD<\/td><td>~4 000<\/td><\/tr><tr><td>Paripesa Niger<\/td><td>Oui<\/td><td>5 000 XOF<\/td><td>~2 800<\/td><\/tr><tr><td>Paripesa Nigeria<\/td><td>Oui<\/td><td>100 NGN<\/td><td>~300 000<\/td><\/tr><tr><td>Paripesa Rwanda<\/td><td>Oui<\/td><td>1 000 RWF<\/td><td>~8 000<\/td><\/tr><tr><td>Paripesa Sao-Tom\u00e9-et-Principe<\/td><td>Oui<\/td><td>25 STN<\/td><td>~650<\/td><\/tr><tr><td>Paripesa S\u00e9n\u00e9gal<\/td><td>Oui<\/td><td>5 000 XOF<\/td><td>~20 000<\/td><\/tr><tr><td>Paripesa Seychelles<\/td><td>Oui<\/td><td>20 SCR<\/td><td>~900<\/td><\/tr><tr><td>Paripesa Sierra Leone<\/td><td>Oui<\/td><td>20 SLE<\/td><td>~4 200<\/td><\/tr><tr><td>Paripesa Somalie<\/td><td>Non<\/td><td>\u2014<\/td><td>\u2014<\/td><\/tr><tr><td>Paripesa Afrique du Sud<\/td><td>Limit\u00e9\u2020<\/td><td>20 ZAR<\/td><td>~70 000<\/td><\/tr><tr><td>Paripesa Soudan du Sud<\/td><td>Oui<\/td><td>500 SSP<\/td><td>~1 100<\/td><\/tr><tr><td>Paripesa Soudan<\/td><td>Non<\/td><td>\u2014<\/td><td>\u2014<\/td><\/tr><tr><td>Paripesa Tanzanie<\/td><td>Oui<\/td><td>2 300 TZS<\/td><td>~65 000<\/td><\/tr><tr><td>Paripesa Togo<\/td><td>Oui<\/td><td>5 000 XOF<\/td><td>~5 000<\/td><\/tr><tr><td>Paripesa Tunisie<\/td><td>Oui<\/td><td>5 TND<\/td><td>~18 000<\/td><\/tr><tr><td>Paripesa Ouganda<\/td><td>Oui<\/td><td>3 500 UGX<\/td><td>~40 000<\/td><\/tr><tr><td>Paripesa Zambie<\/td><td>Oui<\/td><td>20 ZMW<\/td><td>~12 000<\/td><\/tr><tr><td>Paripesa Zimbabwe<\/td><td>Limit\u00e9\u2020<\/td><td>2 USD (eq.)<\/td><td>~14 000<\/td><\/tr><\/tbody><\/table><\/figure>\n","protected":false},"excerpt":{"rendered":"<p>Paripesa : Site officiel de paris et casino en ligne au S\u00e9n\u00e9gal, en C\u00f4te d&rsquo;Ivoire et en RDC Paripesa Africa est le site de jeux en ligne adapt\u00e9 aux joueurs africains. Nous nous glissons dans la peau des joueurs pour proposer \u00e0 nos utilisateurs des paris sportifs et les jeux de casino qu\u2019ils aiment. Nous [&hellip;]<\/p>\n","protected":false},"author":1,"featured_media":1358,"parent":0,"menu_order":0,"comment_status":"closed","ping_status":"closed","template":"views\/page-home.php","meta":{"_glsr_average":0,"_glsr_ranking":0,"_glsr_reviews":0,"footnotes":""},"class_list":["post-1357","page","type-page","status-publish","has-post-thumbnail","hentry"],"acf":[],"yoast_head":"<!-- This site is optimized with the Yoast SEO plugin v27.4 - https:\/\/yoast.com\/product\/yoast-seo-wordpress\/ -->\n<title>Paripesa | Paris sportifs et casino en ligne en SN, CI, RDC 2025<\/title>\n<meta name=\"description\" content=\"D\u00e9couvrez Paripesa dans le SN, la C\u00f4te d&#039;Ivoire et la RDC. Profitez de bonus, cotes \u00e9lev\u00e9es et jeux de casino. Inscription rapide et s\u00e9curis\u00e9e.\" \/>\n<meta name=\"robots\" content=\"index, follow, max-snippet:-1, max-image-preview:large, max-video-preview:-1\" \/>\n<meta property=\"og:locale\" content=\"fr_FR\" \/>\n<meta property=\"og:type\" content=\"article\" \/>\n<meta property=\"og:url\" content=\"https:\/\/pari9ja.com\/fr\/\" \/>\n<meta property=\"og:site_name\" content=\"PariPesa Nigeria\" \/>\n<meta property=\"article:modified_time\" content=\"2025-05-27T11:52:14+00:00\" \/>\n<meta property=\"og:image\" content=\"https:\/\/pari9ja.com\/wp-content\/uploads\/2024\/09\/paripesa-logo1.scorimg.webp\" \/>\n\t<meta property=\"og:image:width\" content=\"2048\" \/>\n\t<meta property=\"og:image:height\" content=\"2048\" \/>\n\t<meta property=\"og:image:type\" content=\"image\/webp\" \/>\n<meta name=\"twitter:label1\" content=\"Dur\u00e9e de lecture estim\u00e9e\" \/>\n\t<meta name=\"twitter:data1\" content=\"7 minutes\" \/>\n<!-- \/ Yoast SEO plugin. -->","yoast_head_json":{"title":"Paripesa | Paris sportifs et casino en ligne en SN, CI, RDC 2025","description":"D\u00e9couvrez Paripesa dans le SN, la C\u00f4te d'Ivoire et la RDC. Profitez de bonus, cotes \u00e9lev\u00e9es et jeux de casino. Inscription rapide et s\u00e9curis\u00e9e.","robots":{"index":"index","follow":"follow","max-snippet":"max-snippet:-1","max-image-preview":"max-image-preview:large","max-video-preview":"max-video-preview:-1"},"og_locale":"fr_FR","og_type":"article","og_url":"https:\/\/pari9ja.com\/fr\/","og_site_name":"PariPesa Nigeria","article_modified_time":"2025-05-27T11:52:14+00:00","og_image":[{"width":2048,"height":2048,"url":"https:\/\/pari9ja.com\/wp-content\/uploads\/2024\/09\/paripesa-logo1.scorimg.webp","type":"image\/webp"}],"twitter_misc":{"Dur\u00e9e de lecture estim\u00e9e":"7 minutes"},"schema":{"@context":"https:\/\/schema.org","@graph":[{"@type":"WebPage","@id":"https:\/\/pari9ja.com\/fr\/","url":"https:\/\/pari9ja.com\/fr\/","name":"Paripesa | Paris sportifs et casino en ligne en SN, CI, RDC 2025","isPartOf":{"@id":"https:\/\/pari9ja.com\/#website"},"primaryImageOfPage":{"@id":"https:\/\/pari9ja.com\/fr\/#primaryimage"},"image":{"@id":"https:\/\/pari9ja.com\/fr\/#primaryimage"},"thumbnailUrl":"https:\/\/pari9ja.com\/wp-content\/uploads\/2024\/09\/paripesa-logo1.scorimg.webp","datePublished":"2024-06-26T19:04:58+00:00","dateModified":"2025-05-27T11:52:14+00:00","description":"D\u00e9couvrez Paripesa dans le SN, la C\u00f4te d'Ivoire et la RDC. Profitez de bonus, cotes \u00e9lev\u00e9es et jeux de casino. Inscription rapide et s\u00e9curis\u00e9e.","breadcrumb":{"@id":"https:\/\/pari9ja.com\/fr\/#breadcrumb"},"inLanguage":"fr-FR","potentialAction":[{"@type":"ReadAction","target":["https:\/\/pari9ja.com\/fr\/"]}]},{"@type":"ImageObject","inLanguage":"fr-FR","@id":"https:\/\/pari9ja.com\/fr\/#primaryimage","url":"https:\/\/pari9ja.com\/wp-content\/uploads\/2024\/09\/paripesa-logo1.scorimg.webp","contentUrl":"https:\/\/pari9ja.com\/wp-content\/uploads\/2024\/09\/paripesa-logo1.scorimg.webp","width":2048,"height":2048},{"@type":"BreadcrumbList","@id":"https:\/\/pari9ja.com\/fr\/#breadcrumb","itemListElement":[{"@type":"ListItem","position":1,"name":"Home","item":"https:\/\/pari9ja.com\/fr\/"},{"@type":"ListItem","position":2,"name":"Paripesa"}]},{"@type":"WebSite","@id":"https:\/\/pari9ja.com\/#website","url":"https:\/\/pari9ja.com\/","name":"PariPesa Nigeria","description":"","potentialAction":[{"@type":"SearchAction","target":{"@type":"EntryPoint","urlTemplate":"https:\/\/pari9ja.com\/?s={search_term_string}"},"query-input":{"@type":"PropertyValueSpecification","valueRequired":true,"valueName":"search_term_string"}}],"inLanguage":"fr-FR"}]}},"_links":{"self":[{"href":"https:\/\/pari9ja.com\/fr\/wp-json\/wp\/v2\/pages\/1357","targetHints":{"allow":["GET"]}}],"collection":[{"href":"https:\/\/pari9ja.com\/fr\/wp-json\/wp\/v2\/pages"}],"about":[{"href":"https:\/\/pari9ja.com\/fr\/wp-json\/wp\/v2\/types\/page"}],"author":[{"embeddable":true,"href":"https:\/\/pari9ja.com\/fr\/wp-json\/wp\/v2\/users\/1"}],"replies":[{"embeddable":true,"href":"https:\/\/pari9ja.com\/fr\/wp-json\/wp\/v2\/comments?post=1357"}],"version-history":[{"count":2,"href":"https:\/\/pari9ja.com\/fr\/wp-json\/wp\/v2\/pages\/1357\/revisions"}],"predecessor-version":[{"id":1371,"href":"https:\/\/pari9ja.com\/fr\/wp-json\/wp\/v2\/pages\/1357\/revisions\/1371"}],"wp:featuredmedia":[{"embeddable":true,"href":"https:\/\/pari9ja.com\/fr\/wp-json\/wp\/v2\/media\/1358"}],"wp:attachment":[{"href":"https:\/\/pari9ja.com\/fr\/wp-json\/wp\/v2\/media?parent=1357"}],"curies":[{"name":"wp","href":"https:\/\/api.w.org\/{rel}","templated":true}]}}