{"id":1506,"date":"2025-02-19T13:00:51","date_gmt":"2025-02-19T13:00:51","guid":{"rendered":"https:\/\/pari9ja.com\/app\/"},"modified":"2025-06-06T14:01:50","modified_gmt":"2025-06-06T14:01:50","slug":"app","status":"publish","type":"page","link":"https:\/\/pari9ja.com\/fr\/app\/","title":{"rendered":"app"},"content":{"rendered":"\n<h1 class=\"wp-block-heading\"><span class=\"ez-toc-section\" id=\"Telechargez_Paripesa_App_une_experience_de_jeu_optimale_sur_mobile\"><\/span>T\u00e9l\u00e9chargez Paripesa App : une exp\u00e9rience de jeu optimale sur mobile<span class=\"ez-toc-section-end\"><\/span><\/h1>\n\n\n\n<p>Paripesa app est l\u2019application mobile mise sur le march\u00e9 pour les joueurs du S\u00e9n\u00e9gal et de C\u00f4te d\u2019Ivoire. Elle a d\u00e9j\u00e0 conquis le c\u0153ur de plusieurs milliers d\u2019utilisateurs gr\u00e2ce \u00e0 son accessibilit\u00e9 optimale. Facile \u00e0 ouvrir et \u00e0 utiliser, elle permet de jouer en toute simplicit\u00e9, o\u00f9 que vous soyez.<br><a href=\"\/fr\/\">Paripesa <\/a>app est simple d&rsquo;utilisation et toutes les fonctionnalit\u00e9s sont optimis\u00e9es. En effet, notre programme mobile charge encore plus rapidement que la version de bureau. Enfin, Paripesa t\u00e9l\u00e9charger offre plus de commodit\u00e9 puisque les utilisateurs jouent quand et o\u00f9 ils le souhaitent. L\u2019application est compatible avec les smartphones ou les tablettes dot\u00e9s des syst\u00e8mes iOS ou Android.<\/p>\n\n\n<div id=\"ez-toc-container\" class=\"ez-toc-v2_0_82_2 counter-hierarchy ez-toc-counter ez-toc-black ez-toc-container-direction\">\n<div class=\"ez-toc-title-container\">\n<p class=\"ez-toc-title\" style=\"cursor:inherit\">Table des mati\u00e8res<\/p>\n<span class=\"ez-toc-title-toggle\"><a href=\"#\" class=\"ez-toc-pull-right ez-toc-btn ez-toc-btn-xs ez-toc-btn-default ez-toc-toggle\" aria-label=\"Toggle Table of Content\"><span class=\"ez-toc-js-icon-con\"><span class=\"\"><span class=\"eztoc-hide\" style=\"display:none;\">Toggle<\/span><span class=\"ez-toc-icon-toggle-span\"><svg style=\"fill: #000000;color:#000000\" xmlns=\"http:\/\/www.w3.org\/2000\/svg\" class=\"list-377408\" width=\"20px\" height=\"20px\" viewBox=\"0 0 24 24\" fill=\"none\"><path d=\"M6 6H4v2h2V6zm14 0H8v2h12V6zM4 11h2v2H4v-2zm16 0H8v2h12v-2zM4 16h2v2H4v-2zm16 0H8v2h12v-2z\" fill=\"currentColor\"><\/path><\/svg><svg style=\"fill: #000000;color:#000000\" class=\"arrow-unsorted-368013\" xmlns=\"http:\/\/www.w3.org\/2000\/svg\" width=\"10px\" height=\"10px\" viewBox=\"0 0 24 24\" version=\"1.2\" baseProfile=\"tiny\"><path d=\"M18.2 9.3l-6.2-6.3-6.2 6.3c-.2.2-.3.4-.3.7s.1.5.3.7c.2.2.4.3.7.3h11c.3 0 .5-.1.7-.3.2-.2.3-.5.3-.7s-.1-.5-.3-.7zM5.8 14.7l6.2 6.3 6.2-6.3c.2-.2.3-.5.3-.7s-.1-.5-.3-.7c-.2-.2-.4-.3-.7-.3h-11c-.3 0-.5.1-.7.3-.2.2-.3.5-.3.7s.1.5.3.7z\"\/><\/svg><\/span><\/span><\/span><\/a><\/span><\/div>\n<nav><ul class='ez-toc-list ez-toc-list-level-1 ' ><li class='ez-toc-page-1 ez-toc-heading-level-1'><a class=\"ez-toc-link ez-toc-heading-1\" href=\"https:\/\/pari9ja.com\/fr\/app\/#Telechargez_Paripesa_App_une_experience_de_jeu_optimale_sur_mobile\" >T\u00e9l\u00e9chargez Paripesa App : une exp\u00e9rience de jeu optimale sur mobile<\/a><ul class='ez-toc-list-level-2' ><li class='ez-toc-heading-level-2'><a class=\"ez-toc-link ez-toc-heading-2\" href=\"https:\/\/pari9ja.com\/fr\/app\/#Presentation_des_principales_fonctionnalites_de_lapplication_Paripesa\" >Pr\u00e9sentation des principales fonctionnalit\u00e9s de l&rsquo;application Paripesa<\/a><\/li><li class='ez-toc-page-1 ez-toc-heading-level-2'><a class=\"ez-toc-link ez-toc-heading-3\" href=\"https:\/\/pari9ja.com\/fr\/app\/#Guide_de_telechargement_et_dinstallation_de_lapplication_Paripesa_pour_les_appareils_Android\" >Guide de t\u00e9l\u00e9chargement et d\u2019installation de l&rsquo;application Paripesa pour les appareils Android<\/a><\/li><li class='ez-toc-page-1 ez-toc-heading-level-2'><a class=\"ez-toc-link ez-toc-heading-4\" href=\"https:\/\/pari9ja.com\/fr\/app\/#Guide_de_telechargement_et_dinstallation_de_lapplication_Paripesa_pour_les_appareils_iOS\" >Guide de t\u00e9l\u00e9chargement et d\u2019installation de l&rsquo;application Paripesa pour les appareils iOS<\/a><\/li><li class='ez-toc-page-1 ez-toc-heading-level-2'><a class=\"ez-toc-link ez-toc-heading-5\" href=\"https:\/\/pari9ja.com\/fr\/app\/#Comment_sinscrire_et_se_connecter\" >Comment s\u2019inscrire et se connecter ?<\/a><\/li><li class='ez-toc-page-1 ez-toc-heading-level-2'><a class=\"ez-toc-link ez-toc-heading-6\" href=\"https:\/\/pari9ja.com\/fr\/app\/#Mesures_de_securite_et_equite\" >Mesures de s\u00e9curit\u00e9 et \u00e9quit\u00e9<\/a><\/li><li class='ez-toc-page-1 ez-toc-heading-level-2'><a class=\"ez-toc-link ez-toc-heading-7\" href=\"https:\/\/pari9ja.com\/fr\/app\/#Principaux_avantages_de_lapplication_Paripesa\" >Principaux avantages de l&rsquo;application Paripesa<\/a><\/li><li class='ez-toc-page-1 ez-toc-heading-level-2'><a class=\"ez-toc-link ez-toc-heading-8\" href=\"https:\/\/pari9ja.com\/fr\/app\/#Foire_aux_questions\" >Foire aux questions<\/a><\/li><\/ul><\/li><\/ul><\/nav><\/div>\n\n\n\n\n<h2 class=\"wp-block-heading\"><span class=\"ez-toc-section\" id=\"Presentation_des_principales_fonctionnalites_de_lapplication_Paripesa\"><\/span>Pr\u00e9sentation des principales fonctionnalit\u00e9s de l&rsquo;application Paripesa<span class=\"ez-toc-section-end\"><\/span><\/h2>\n\n\n\n<p>Que vous utilisiez sur notre application Paripesa C\u00f4te d&rsquo;Ivoire ou Paripesa S\u00e9n\u00e9gal, vous avez la possibilit\u00e9 de profiter de plusieurs fonctionnalit\u00e9s exclusives.<\/p>\n\n\n\n<figure class=\"wp-block-table\"><table><tbody><tr><td><strong>Fonctionnalit\u00e9s<\/strong><\/td><td><strong>Atouts en jouant sur <\/strong><strong>Paripesa app<\/strong><\/td><\/tr><tr><td>Acc\u00e8s \u00e0 une interface conviviale<\/td><td>Conception intuitive pour une navigation simplifi\u00e9e.Mise en page optimis\u00e9e pour les appareils mobiles.<\/td><\/tr><tr><td>Acc\u00e8s \u00e0 un large choix d&rsquo;options de paris et de jeux<\/td><td>Acc\u00e8s aux paris sportifs, au casino en direct, aux machines \u00e0 sous et bien plus encore.Cotes et mises \u00e0 jour en temps r\u00e9el pour les paris en direct.<\/td><\/tr><tr><td>Transactions s\u00e9curis\u00e9es<\/td><td>Cryptage avanc\u00e9 pour des d\u00e9p\u00f4ts et des retraits s\u00e9curis\u00e9s.Prise en charge de plusieurs modes de paiement, y compris les cryptomonnaies.<\/td><\/tr><tr><td>Compatibilit\u00e9 mobile<\/td><td>Performances optimis\u00e9es sur smartphones et tablettes.Une exp\u00e9rience de jeu et de paris fluide, o\u00f9 que vous soyez.<\/td><\/tr><tr><td>Diffusion et mises \u00e0 jour en direct<\/td><td>Regardez les matchs en direct directement depuis l&rsquo;application.Notifications instantan\u00e9es pour les mises \u00e0 jour des matchs et les opportunit\u00e9s de paris.<\/td><\/tr><tr><td>Assistance multilingue<\/td><td>Interface disponible en plusieurs langues.Assistance client adapt\u00e9e aux utilisateurs de diff\u00e9rentes r\u00e9gions.<\/td><\/tr><\/tbody><\/table><\/figure>\n\n\n\n<p>Que vous t\u00e9l\u00e9chargiez Paripesa iOS ou via l\u2019application Android de Paripesa, l\u2019exp\u00e9rience reste identique : fluide, rapide et sans compromis.<\/p>\n\n\n<div class=\"wp-block-image\">\n<figure class=\"aligncenter size-full\"><img loading=\"lazy\" decoding=\"async\" width=\"576\" height=\"433\" src=\"https:\/\/pari9ja.com\/wp-content\/uploads\/2024\/09\/PariPesa_app-removebg-preview.png\" alt=\"PariPesa app\" class=\"wp-image-1366\" srcset=\"https:\/\/pari9ja.com\/wp-content\/uploads\/2024\/09\/PariPesa_app-removebg-preview.png 576w, https:\/\/pari9ja.com\/wp-content\/uploads\/2024\/09\/PariPesa_app-removebg-preview-300x226.png 300w\" sizes=\"auto, (max-width: 576px) 100vw, 576px\" \/><\/figure>\n<\/div>\n\n\n<h2 class=\"wp-block-heading\"><span class=\"ez-toc-section\" id=\"Guide_de_telechargement_et_dinstallation_de_lapplication_Paripesa_pour_les_appareils_Android\"><\/span>Guide de t\u00e9l\u00e9chargement et d\u2019installation de l&rsquo;application Paripesa pour les appareils Android<span class=\"ez-toc-section-end\"><\/span><\/h2>\n\n\n\n<p>Suivez les \u00e9tapes ci-dessous pour t\u00e9l\u00e9charger Paripesa pour Android :<\/p>\n\n\n\n<ol class=\"wp-block-list\">\n<li>Ouvrez notre site mobile depuis votre navigateur<\/li>\n\n\n\n<li>Allez jusqu\u2019au pied de la page<\/li>\n\n\n\n<li>Choisissez le fichier (APK) t\u00e9l\u00e9charger Paripesa<\/li>\n\n\n\n<li>Cliquez sur \u00ab Installer \u00bb.<\/li>\n<\/ol>\n\n\n\n<p>Pour activer l&rsquo;installation des applications depuis des sources inconnues sur votre appareil :<\/p>\n\n\n\n<ol class=\"wp-block-list\">\n<li>Acc\u00e9dez au menu principal<\/li>\n\n\n\n<li>Rendez-vous dans \u00ab Param\u00e8tres \u00bb puis dans la section \u00ab S\u00e9curit\u00e9 \u00bb<\/li>\n\n\n\n<li>Autorisez les installations d&rsquo;applications \u00e0 partir de sources inconnues.<\/li>\n<\/ol>\n\n\n\n<p>Le fichier paripesa apk doit \u00eatre install\u00e9 sur les appareils \u00e9quip\u00e9s d\u2019une version du syst\u00e8me d\u2019exploitation Android 5.0 et sup\u00e9rieur. Il n\u00e9cessite un espace de stockage de 69,8 Mo, une m\u00e9moire RAM de 1 GB ou plus et une vitesse de processeur de 1,2 GHz.<\/p>\n\n\n\n<h2 class=\"wp-block-heading\"><span class=\"ez-toc-section\" id=\"Guide_de_telechargement_et_dinstallation_de_lapplication_Paripesa_pour_les_appareils_iOS\"><\/span>Guide de t\u00e9l\u00e9chargement et d\u2019installation de l&rsquo;application Paripesa pour les appareils iOS<span class=\"ez-toc-section-end\"><\/span><\/h2>\n\n\n\n<p>Pour t\u00e9l\u00e9charger l&rsquo;application Paripesa sur votre iPhone :<\/p>\n\n\n\n<ul class=\"wp-block-list\">\n<li>Rendez-vous sur l&rsquo;App Store d&rsquo;Apple.<\/li>\n\n\n\n<li>Recherchez le lien Paripesa iOS et cliquez dessus<\/li>\n\n\n\n<li>Attendez la fin du t\u00e9l\u00e9chargement du fichier et installez-le.<\/li>\n<\/ul>\n\n\n\n<p>Pour que notre application soit compatible avec votre appareil Apple, vous devez vous assurer que ce dernier soit dot\u00e9 d\u2019une version iOS 12.0 ou une version plus r\u00e9cente. L\u2019application pour iOS a une taille de 235,3 MB. Par cons\u00e9quent, vous devez poss\u00e9der un espace similaire sur votre appareil pour r\u00e9cup\u00e9rer l\u2019appli Paripesa app store.<\/p>\n\n\n\n<h2 class=\"wp-block-heading\"><span class=\"ez-toc-section\" id=\"Comment_sinscrire_et_se_connecter\"><\/span>Comment s\u2019inscrire et se connecter ?<span class=\"ez-toc-section-end\"><\/span><\/h2>\n\n\n\n<p>Voici les \u00e9tapes \u00e0 suivre pour cr\u00e9er un compte sur l&rsquo;application :<\/p>\n\n\n\n<ul class=\"wp-block-list\">\n<li>Ouvrez l\u2019application Paripesa<\/li>\n\n\n\n<li>Cliquez sur s\u2019inscrire<\/li>\n\n\n\n<li>Compl\u00e9tez le formulaire Paripesa inscription app en indiquant votre email ou votre num\u00e9ro de t\u00e9l\u00e9phone et mot de passe<\/li>\n\n\n\n<li>Confirmez votre inscription.<\/li>\n<\/ul>\n\n\n\n<p>Pour vous connecter en toute s\u00e9curit\u00e9 pour acc\u00e9der \u00e0 votre compte, les fois suivantes :<\/p>\n\n\n\n<ul class=\"wp-block-list\">\n<li>Ouvrez l\u2019application<\/li>\n\n\n\n<li>Cliquez sur se connecter<\/li>\n\n\n\n<li>Entrez vos identifiants Paripesa login<\/li>\n\n\n\n<li>Confirmez votre demande.<\/li>\n<\/ul>\n\n\n\n<p>En cas de probl\u00e8mes de connexion, n\u2019h\u00e9sitez pas \u00e0 contacter notre service d\u2019assistance client\u00e8le par chat en direct.<\/p>\n\n\n\n<h2 class=\"wp-block-heading\"><span class=\"ez-toc-section\" id=\"Mesures_de_securite_et_equite\"><\/span>Mesures de s\u00e9curit\u00e9 et \u00e9quit\u00e9<span class=\"ez-toc-section-end\"><\/span><\/h2>\n\n\n\n<p>Pour prot\u00e9ger les donn\u00e9es de nos utilisateurs, nous avons mis en place plusieurs mesures de s\u00e9curit\u00e9 sur Paripesa app.<\/p>\n\n\n\n<ul class=\"wp-block-list\">\n<li>Proc\u00e9dure de v\u00e9rification de compte : nous proc\u00e9dons \u00e0 une double v\u00e9rification de compte de nos utilisateurs.<\/li>\n\n\n\n<li>Cryptage SSL : nous utilisons un protocole de cryptage SSL pour crypter les donn\u00e9es Paripesa login de nos utilisateurs.<\/li>\n\n\n\n<li>Licence d\u2019exploitation valide du Cura\u00e7ao : celle-ci nous autorise \u00e0 exploiter les jeux d\u2019argent en ligne et atteste de notre conformit\u00e9 aux dispositions r\u00e9glementaires en la mati\u00e8re.<\/li>\n<\/ul>\n\n\n\n<p>Utilisation de g\u00e9n\u00e9rateurs de nombres al\u00e9atoires (GNA) : pour des jeux de casino \u00e9quitables, nous avons recours \u00e0 un distributeur de nombres al\u00e9atoires.<\/p>\n\n\n\n<h2 class=\"wp-block-heading\"><span class=\"ez-toc-section\" id=\"Principaux_avantages_de_lapplication_Paripesa\"><\/span>Principaux avantages de l&rsquo;application Paripesa<span class=\"ez-toc-section-end\"><\/span><\/h2>\n\n\n\n<p>Nous pouvons citer plusieurs raisons pour vous encourager \u00e0 t\u00e9l\u00e9charger Paripesa. Les principales \u00e9tant :<\/p>\n\n\n\n<ul class=\"wp-block-list\">\n<li>la possibilit\u00e9 de parier et de jouer en toute simplicit\u00e9, o\u00f9 que vous soyez ;<\/li>\n\n\n\n<li>les promotions et les fonctionnalit\u00e9s exclusives disponibles uniquement sur l&rsquo;application ;<\/li>\n\n\n\n<li>le temps de chargement plus rapide et le gameplay plus fluide que sur la plateforme web ;<\/li>\n<\/ul>\n\n\n\n<p>la praticit\u00e9 de Paripesa app et la qualit\u00e9 de jeu.<\/p>\n\n\n\n<div class=\"wp-block-buttons is-content-justification-center is-layout-flex wp-container-core-buttons-is-layout-16018d1d wp-block-buttons-is-layout-flex\">\n<div class=\"wp-block-button\"><a class=\"wp-block-button__link wp-element-button\" href=\"https:\/\/combodef.com\/L?tag=d_4824714m_147506c_&#038;site=4824714&#038;ad=147506\">T\u00e9l\u00e9chargez<\/a><\/div>\n<\/div>\n\n\n\n<h2 class=\"wp-block-heading\"><span class=\"ez-toc-section\" id=\"Foire_aux_questions\"><\/span>Foire aux questions<span class=\"ez-toc-section-end\"><\/span><\/h2>\n\n\n\n<div class=\"schema-faq wp-block-yoast-faq-block\"><div class=\"schema-faq-section\" id=\"faq-question-1749217802226\"><strong class=\"schema-faq-question\">L&rsquo;application Paripesa est-elle t\u00e9l\u00e9chargeable gratuitement ?<\/strong> <p class=\"schema-faq-answer\">Oui, Paripesa app<strong> <\/strong>est t\u00e9l\u00e9chargeable gratuitement, que ce soit sur le site officiel ou sur l\u2019App Store.<\/p> <\/div> <div class=\"schema-faq-section\" id=\"faq-question-1749217840881\"><strong class=\"schema-faq-question\">Puis-je utiliser le m\u00eame compte sur l&rsquo;application et sur le site web ?<\/strong> <p class=\"schema-faq-answer\">Oui, vous avez besoin d\u2019un seul compte pour jouer sur Paripesa. Vous pouvez utiliser le m\u00eame compte aussi bien sur l\u2019application que sur le site web.<\/p> <\/div> <div class=\"schema-faq-section\" id=\"faq-question-1749217858448\"><strong class=\"schema-faq-question\">Comment effectuer un retrait sur l&rsquo;application Paripesa ?<\/strong> <p class=\"schema-faq-answer\">Acc\u00e9dez \u00e0 votre compte. Cliquez sur \u00ab Caisse \u00bb et choisissez une option de retrait. S\u00e9lectionnez une m\u00e9thode de paiement et remplissez les informations n\u00e9cessaires. Validez la demande.<\/p> <\/div> <div class=\"schema-faq-section\" id=\"faq-question-1749217866882\"><strong class=\"schema-faq-question\">Comment t\u00e9l\u00e9charger Paripesa ?<\/strong> <p class=\"schema-faq-answer\">Rendez-vous sur le site officiel ou recherchez l\u2019application Paripesa app store pour iPhone. Cliquez sur le lien et lancez le t\u00e9l\u00e9chargement.<\/p> <\/div> <\/div>\n","protected":false},"excerpt":{"rendered":"<p>T\u00e9l\u00e9chargez Paripesa App : une exp\u00e9rience de jeu optimale sur mobile Paripesa app est l\u2019application mobile mise sur le march\u00e9 pour les joueurs du S\u00e9n\u00e9gal et de C\u00f4te d\u2019Ivoire. Elle a d\u00e9j\u00e0 conquis le c\u0153ur de plusieurs milliers d\u2019utilisateurs gr\u00e2ce \u00e0 son accessibilit\u00e9 optimale. Facile \u00e0 ouvrir et \u00e0 utiliser, elle permet de jouer en [&hellip;]<\/p>\n","protected":false},"author":1,"featured_media":1366,"parent":0,"menu_order":0,"comment_status":"closed","ping_status":"closed","template":"views\/page-home.php","meta":{"_glsr_average":0,"_glsr_ranking":0,"_glsr_reviews":0,"footnotes":""},"class_list":["post-1506","page","type-page","status-publish","has-post-thumbnail","hentry"],"acf":[],"yoast_head":"<!-- This site is optimized with the Yoast SEO plugin v27.4 - https:\/\/yoast.com\/product\/yoast-seo-wordpress\/ -->\n<title>T\u00e9l\u00e9chargez Paripesa App iOS Android | Paris Sports &amp; Casino<\/title>\n<meta name=\"description\" content=\"T\u00e9l\u00e9chargez l\u2019application Paripesa pour parier en direct et jouer au casino partout. Installez-la maintenant et recevez un bonus de bienvenue !\" \/>\n<meta name=\"robots\" content=\"index, follow, max-snippet:-1, max-image-preview:large, max-video-preview:-1\" \/>\n<meta property=\"og:locale\" content=\"fr_FR\" \/>\n<meta property=\"og:type\" content=\"article\" \/>\n<meta property=\"og:url\" content=\"https:\/\/pari9ja.com\/fr\/app\/\" \/>\n<meta property=\"og:site_name\" content=\"PariPesa Nigeria\" \/>\n<meta property=\"article:modified_time\" content=\"2025-06-06T14:01:50+00:00\" \/>\n<meta property=\"og:image\" content=\"https:\/\/pari9ja.com\/wp-content\/uploads\/2024\/09\/PariPesa_app-removebg-preview.png\" \/>\n\t<meta property=\"og:image:width\" content=\"576\" \/>\n\t<meta property=\"og:image:height\" content=\"433\" \/>\n\t<meta property=\"og:image:type\" content=\"image\/png\" \/>\n<meta name=\"twitter:label1\" content=\"Dur\u00e9e de lecture estim\u00e9e\" \/>\n\t<meta name=\"twitter:data1\" content=\"5 minutes\" \/>\n<!-- \/ Yoast SEO plugin. -->","yoast_head_json":{"title":"T\u00e9l\u00e9chargez Paripesa App iOS Android | Paris Sports & Casino","description":"T\u00e9l\u00e9chargez l\u2019application Paripesa pour parier en direct et jouer au casino partout. Installez-la maintenant et recevez un bonus de bienvenue !","robots":{"index":"index","follow":"follow","max-snippet":"max-snippet:-1","max-image-preview":"max-image-preview:large","max-video-preview":"max-video-preview:-1"},"og_locale":"fr_FR","og_type":"article","og_url":"https:\/\/pari9ja.com\/fr\/app\/","og_site_name":"PariPesa Nigeria","article_modified_time":"2025-06-06T14:01:50+00:00","og_image":[{"width":576,"height":433,"url":"https:\/\/pari9ja.com\/wp-content\/uploads\/2024\/09\/PariPesa_app-removebg-preview.png","type":"image\/png"}],"twitter_misc":{"Dur\u00e9e de lecture estim\u00e9e":"5 minutes"},"schema":{"@context":"https:\/\/schema.org","@graph":[{"@type":["WebPage","FAQPage"],"@id":"https:\/\/pari9ja.com\/fr\/app\/","url":"https:\/\/pari9ja.com\/fr\/app\/","name":"T\u00e9l\u00e9chargez Paripesa App iOS Android | Paris Sports & Casino","isPartOf":{"@id":"https:\/\/pari9ja.com\/#website"},"primaryImageOfPage":{"@id":"https:\/\/pari9ja.com\/fr\/app\/#primaryimage"},"image":{"@id":"https:\/\/pari9ja.com\/fr\/app\/#primaryimage"},"thumbnailUrl":"https:\/\/pari9ja.com\/wp-content\/uploads\/2024\/09\/PariPesa_app-removebg-preview.png","datePublished":"2025-02-19T13:00:51+00:00","dateModified":"2025-06-06T14:01:50+00:00","description":"T\u00e9l\u00e9chargez l\u2019application Paripesa pour parier en direct et jouer au casino partout. Installez-la maintenant et recevez un bonus de bienvenue !","breadcrumb":{"@id":"https:\/\/pari9ja.com\/fr\/app\/#breadcrumb"},"mainEntity":[{"@id":"https:\/\/pari9ja.com\/fr\/app\/#faq-question-1749217802226"},{"@id":"https:\/\/pari9ja.com\/fr\/app\/#faq-question-1749217840881"},{"@id":"https:\/\/pari9ja.com\/fr\/app\/#faq-question-1749217858448"},{"@id":"https:\/\/pari9ja.com\/fr\/app\/#faq-question-1749217866882"}],"inLanguage":"fr-FR","potentialAction":[{"@type":"ReadAction","target":["https:\/\/pari9ja.com\/fr\/app\/"]}]},{"@type":"ImageObject","inLanguage":"fr-FR","@id":"https:\/\/pari9ja.com\/fr\/app\/#primaryimage","url":"https:\/\/pari9ja.com\/wp-content\/uploads\/2024\/09\/PariPesa_app-removebg-preview.png","contentUrl":"https:\/\/pari9ja.com\/wp-content\/uploads\/2024\/09\/PariPesa_app-removebg-preview.png","width":576,"height":433,"caption":"PariPesa app"},{"@type":"BreadcrumbList","@id":"https:\/\/pari9ja.com\/fr\/app\/#breadcrumb","itemListElement":[{"@type":"ListItem","position":1,"name":"Home","item":"https:\/\/pari9ja.com\/fr\/"},{"@type":"ListItem","position":2,"name":"app"}]},{"@type":"WebSite","@id":"https:\/\/pari9ja.com\/#website","url":"https:\/\/pari9ja.com\/","name":"PariPesa Nigeria","description":"","potentialAction":[{"@type":"SearchAction","target":{"@type":"EntryPoint","urlTemplate":"https:\/\/pari9ja.com\/?s={search_term_string}"},"query-input":{"@type":"PropertyValueSpecification","valueRequired":true,"valueName":"search_term_string"}}],"inLanguage":"fr-FR"},{"@type":"Question","@id":"https:\/\/pari9ja.com\/fr\/app\/#faq-question-1749217802226","position":1,"url":"https:\/\/pari9ja.com\/fr\/app\/#faq-question-1749217802226","name":"L'application Paripesa est-elle t\u00e9l\u00e9chargeable gratuitement ?","answerCount":1,"acceptedAnswer":{"@type":"Answer","text":"Oui, Paripesa app<strong> <\/strong>est t\u00e9l\u00e9chargeable gratuitement, que ce soit sur le site officiel ou sur l\u2019App Store.","inLanguage":"fr-FR"},"inLanguage":"fr-FR"},{"@type":"Question","@id":"https:\/\/pari9ja.com\/fr\/app\/#faq-question-1749217840881","position":2,"url":"https:\/\/pari9ja.com\/fr\/app\/#faq-question-1749217840881","name":"Puis-je utiliser le m\u00eame compte sur l'application et sur le site web ?","answerCount":1,"acceptedAnswer":{"@type":"Answer","text":"Oui, vous avez besoin d\u2019un seul compte pour jouer sur Paripesa. Vous pouvez utiliser le m\u00eame compte aussi bien sur l\u2019application que sur le site web.","inLanguage":"fr-FR"},"inLanguage":"fr-FR"},{"@type":"Question","@id":"https:\/\/pari9ja.com\/fr\/app\/#faq-question-1749217858448","position":3,"url":"https:\/\/pari9ja.com\/fr\/app\/#faq-question-1749217858448","name":"Comment effectuer un retrait sur l'application Paripesa ?","answerCount":1,"acceptedAnswer":{"@type":"Answer","text":"Acc\u00e9dez \u00e0 votre compte. Cliquez sur \u00ab Caisse \u00bb et choisissez une option de retrait. S\u00e9lectionnez une m\u00e9thode de paiement et remplissez les informations n\u00e9cessaires. Validez la demande.","inLanguage":"fr-FR"},"inLanguage":"fr-FR"},{"@type":"Question","@id":"https:\/\/pari9ja.com\/fr\/app\/#faq-question-1749217866882","position":4,"url":"https:\/\/pari9ja.com\/fr\/app\/#faq-question-1749217866882","name":"Comment t\u00e9l\u00e9charger Paripesa ?","answerCount":1,"acceptedAnswer":{"@type":"Answer","text":"Rendez-vous sur le site officiel ou recherchez l\u2019application Paripesa app store pour iPhone. Cliquez sur le lien et lancez le t\u00e9l\u00e9chargement.","inLanguage":"fr-FR"},"inLanguage":"fr-FR"}]}},"_links":{"self":[{"href":"https:\/\/pari9ja.com\/fr\/wp-json\/wp\/v2\/pages\/1506","targetHints":{"allow":["GET"]}}],"collection":[{"href":"https:\/\/pari9ja.com\/fr\/wp-json\/wp\/v2\/pages"}],"about":[{"href":"https:\/\/pari9ja.com\/fr\/wp-json\/wp\/v2\/types\/page"}],"author":[{"embeddable":true,"href":"https:\/\/pari9ja.com\/fr\/wp-json\/wp\/v2\/users\/1"}],"replies":[{"embeddable":true,"href":"https:\/\/pari9ja.com\/fr\/wp-json\/wp\/v2\/comments?post=1506"}],"version-history":[{"count":3,"href":"https:\/\/pari9ja.com\/fr\/wp-json\/wp\/v2\/pages\/1506\/revisions"}],"predecessor-version":[{"id":1512,"href":"https:\/\/pari9ja.com\/fr\/wp-json\/wp\/v2\/pages\/1506\/revisions\/1512"}],"wp:featuredmedia":[{"embeddable":true,"href":"https:\/\/pari9ja.com\/fr\/wp-json\/wp\/v2\/media\/1366"}],"wp:attachment":[{"href":"https:\/\/pari9ja.com\/fr\/wp-json\/wp\/v2\/media?parent=1506"}],"curies":[{"name":"wp","href":"https:\/\/api.w.org\/{rel}","templated":true}]}}